{"id":5781,"date":"2022-08-16T10:06:50","date_gmt":"2022-08-16T10:06:50","guid":{"rendered":"https:\/\/imaginehealth.io\/?page_id=5781"},"modified":"2023-04-26T13:16:37","modified_gmt":"2023-04-26T13:16:37","slug":"cookie-richtlinie","status":"publish","type":"page","link":"https:\/\/imaginehealth.io\/de\/cookie-richtlinie\/","title":{"rendered":"Cookies-Richtlinie"},"content":{"rendered":"<h4><strong>Cookies-Richtlinie<\/strong><\/h4>\n<p>ImagineHealth Company Limited (\"Unternehmen\", \"Imagine\", \"wir\" oder \"uns\") hat diese Cookie-Richtlinie f\u00fcr alle Personen erstellt, die unsere Website wie unten definiert nutzen (zusammenfassend die \"Nutzer\", \"Personen\" oder \"Sie\").<br \/>\nIn unserer Cookie-Richtlinie wird erl\u00e4utert, wie wir Cookies und andere \u00e4hnliche Technologien zur Speicherung von Informationen auf unserer Website www.imaginehealth.io (\"zusammenfassend die \"Imagine Online-Dienste\" oder \"unsere Online-Dienste\") verwenden. In dieser Richtlinie wird auch erl\u00e4utert, welche Entscheidungen Sie \u00fcber unsere Verwendung von Cookies oder \u00e4hnlichen Technologien auf Ihrem Ger\u00e4t (z. B. Ihrem PC, Tablet oder Mobiltelefon) treffen k\u00f6nnen.<br \/>\nWeitere Informationen dar\u00fcber, wie wir die pers\u00f6nlichen Daten verwenden, die wir \u00fcber Sie sammeln, wenn Sie unsere Online-Dienste nutzen, finden Sie in unserer Datenschutzrichtlinie. <a href=\"https:\/\/imaginehealth.io\/de\/datenschutzbestimmungen\/\">LINK DATENSCHUTZRICHTLINIE<\/a><\/p>\n<h4><strong>Was sind Cookies?<\/strong><\/h4>\n<p>Cookies sind kleine Textdateien, die an Ihren Computer, Ihr Smartphone oder andere Ger\u00e4te f\u00fcr den Internetzugang gesendet und dort gespeichert werden, wenn Sie eine Website besuchen. Cookies erm\u00f6glichen es einer Website, das Ger\u00e4t eines Benutzers zu erkennen und bestimmte Funktionen auszuf\u00fchren, um eine reibungslose Benutzererfahrung und die Sicherheit der Website zu gew\u00e4hrleisten.<br \/>\nCookies werden aus verschiedenen Gr\u00fcnden verwendet, z.B. zur Speicherung von Spracheinstellungen, zur effizienten Navigation zwischen Seiten, zur Verifizierung eines Benutzers und zur Durchf\u00fchrung wichtiger Sicherheits\u00fcberpr\u00fcfungen. Einige Cookies sind erforderlich, damit eine Website funktioniert, und die Deaktivierung aller Cookies kann dazu f\u00fchren, dass Benutzer bestimmte Websites oder Funktionen nicht nutzen k\u00f6nnen.<br \/>\nIn dieser Richtlinie kann der Begriff \"Cookies\" auch andere Technologien bezeichnen, die Daten sammeln, w\u00e4hrend Sie unsere Websites und mobilen Anwendungen nutzen.<\/p>\n<h5><strong>Sitzungs- und dauerhafte Cookies<\/strong><\/h5>\n<p>Alle Cookies sind entweder Sitzungscookies oder dauerhafte Cookies.<br \/>\nSession-Cookies bleiben f\u00fcr die Dauer Ihres Besuchs auf unserer Website bestehen und werden gel\u00f6scht, wenn Sie Ihren Browser schlie\u00dfen. Sitzungscookies werden in erster Linie verwendet, um die Navigation zu unterst\u00fctzen und sich zu merken, welche Interaktionen Sie zur Sicherheit beitragen k\u00f6nnen. Sie k\u00f6nnen zum Beispiel daf\u00fcr sorgen, dass Sie angemeldet bleiben, w\u00e4hrend Sie sich auf einer Website bewegen.<br \/>\nDauerhafte Cookies bleiben auf Ihrem Ger\u00e4t, wenn Sie Ihren Browser schlie\u00dfen, bis sie ablaufen oder Sie sie aus Ihrem Cache l\u00f6schen. Sie erm\u00f6glichen es uns, uns Dinge \u00fcber Sie als wiederkehrenden Besucher zu merken. Zum Beispiel k\u00f6nnen sie sich Ihre Benutzer-ID merken, wenn Sie sich bei unseren Online-Diensten anmelden. Sie k\u00f6nnen auch Ihre Auswahl und Pr\u00e4ferenzen speichern, wenn Sie zu unseren Online-Diensten zur\u00fcckkehren. F\u00fcr die meisten Unternehmen, so auch f\u00fcr uns, sind Cookies n\u00fctzlich, um zu sehen, wie die Benutzer ihre Websites nutzen, damit sie die Leistung und die angebotenen Inhalte verbessern k\u00f6nnen.<\/p>\n<h5><strong>Erst- und Drittanbieter-Cookies<\/strong><\/h5>\n<p>Ob ein Cookie ein First- oder ein Third-Party-Cookie ist, h\u00e4ngt davon ab, woher es kommt.<br \/>\nErstanbieter-Cookies werden von uns oder in unserem Namen in unseren Online-Diensten gesetzt.<br \/>\nDritte setzen Dritt-Cookies auf unseren Online-Diensten (z.B. Google Analytics, Live-Chat, Schaltfl\u00e4chen f\u00fcr soziale Netzwerke, Werbenetzwerke und Anbieter von externen Diensten wie Web-Traffic-Analysedienste). Bitte beachten Sie, dass wir keine Kontrolle \u00fcber oder Verantwortung f\u00fcr Cookies von Drittanbietern haben, es sei denn, die Cookies von Drittanbietern werden auf unsere Aufforderung hin oder mit unserer Genehmigung gesetzt (in diesem Fall stellen wir sicher, dass angemessene Schutzma\u00dfnahmen mit den Drittanbietern getroffen werden, um deren faire Verwendung von Cookies zu gew\u00e4hrleisten).<\/p>\n<h4><strong>Warum wir Cookies verwenden<\/strong><\/h4>\n<p>Wir verwenden Cookies, um:<\/p>\n<ol>\n<li>Damit unsere Online-Dienste funktionieren, sie sicher sind und wir unseren gesetzlichen Verpflichtungen nachkommen k\u00f6nnen.<\/li>\n<li>Ihre Pr\u00e4ferenzen, wie z.B. die Sprache, f\u00fcr zuk\u00fcnftige Besuche unserer Websites und Apps zu speichern.<\/li>\n<li>Aktivieren Sie Plugins von Drittanbietern, z.B. f\u00fcr den Live-Chat.<\/li>\n<li>Analysieren Sie, wie Benutzer unsere Online-Dienste nutzen, und erstellen Sie eine statistische Analyse der Aktivit\u00e4ten auf unseren Online-Diensten, damit wir sie verbessern und Ihre Benutzererfahrung erweitern k\u00f6nnen.<\/li>\n<\/ol>\n<p>Wir k\u00f6nnen Dritten Zugang zu einigen durch Cookies gesammelten Daten gew\u00e4hren, um deren Ratschl\u00e4ge zu erhalten, wie wir Ihre Benutzererfahrung in unseren Online-Diensten verbessern k\u00f6nnen. In jedem Fall werden wir Ihre pers\u00f6nlichen Daten nur im Rahmen unserer Datenschutzrichtlinie an Dritte weitergeben. <a href=\"https:\/\/imaginehealth.io\/de\/datenschutzbestimmungen\/\">LINK DATENSCHUTZRICHTLINIE<\/a><\/p>\n<h4><strong>Unsere Cookies und Ihre Wahlm\u00f6glichkeiten<\/strong><\/h4>\n<p><strong>&nbsp;<\/strong>Verschiedene Arten von Cookies erf\u00fcllen unterschiedliche Funktionen in unseren Online-Diensten. Einige Cookies werden ben\u00f6tigt, damit die Online-Dienste funktionieren. Andere sind erforderlich, damit einige Teile funktionieren.<br \/>\nMit Ausnahme von unbedingt notwendigen Cookies verfallen die meisten Cookies nach einem bestimmten Zeitraum, wie unten angegeben:<\/p>\n<h4><strong>Cookie-Liste<\/strong><\/h4>\n<p>Ein Cookie ist ein kleiner Datensatz (Textdatei), den eine Website - wenn sie von einem Benutzer besucht wird - Ihren Browser bittet, auf Ihrem Ger\u00e4t zu speichern, um sich an Informationen \u00fcber Sie zu erinnern, wie z.B. Ihre Sprachpr\u00e4ferenz oder Ihre Anmeldeinformationen. Diese Cookies werden von uns gesetzt und als Erstanbieter-Cookies bezeichnet. Wir verwenden auch Cookies von Drittanbietern - von einer anderen Dom\u00e4ne als der Website, die Sie besuchen - f\u00fcr unsere Werbe- und Marketingma\u00dfnahmen. Im Einzelnen verwenden wir Cookies und andere Tracking-Technologien f\u00fcr die folgenden Zwecke:<\/p>\n<h5><strong>Streng Notwendige Cookies<\/strong><\/h5>\n<p>Diese Cookies sind f\u00fcr das Funktionieren der Website erforderlich und k\u00f6nnen in unseren Systemen nicht abgeschaltet werden. Sie werden in der Regel nur als Reaktion auf Ihre Aktionen gesetzt, die einer Anfrage nach Dienstleistungen gleichkommen, wie z.B. die Einstellung Ihrer Datenschutzeinstellungen, das Einloggen oder das Ausf\u00fcllen von Formularen. Sie k\u00f6nnen Ihren Browser so einstellen, dass er diese Cookies blockiert oder Sie vor ihnen warnt, aber einige Teile der Website werden dann nicht funktionieren. Diese Cookies speichern keine pers\u00f6nlich identifizierbaren Informationen.<\/p>\n<table width=\"790\">\n<tbody>\n<tr>\n<td width=\"257\">Untergruppe Kekse<\/td>\n<td width=\"251\">Cookies<\/td>\n<td width=\"282\">Verwendete Cookies<\/td>\n<\/tr>\n<tr>\n<td width=\"257\">Cloudflare<\/td>\n<td width=\"251\">cf_ob_info, cf_use_ob, __cfruid, __cf_bm<\/td>\n<td width=\"282\">Erste Partei<\/td>\n<\/tr>\n<\/tbody>\n<\/table>\n<h5><\/h5>\n<h5><strong>Funktionale Cookies<\/strong><\/h5>\n<p>Diese Cookies erm\u00f6glichen es der Website, verbesserte Funktionalit\u00e4t und Personalisierung zu bieten. Sie k\u00f6nnen von Drittanbietern gesetzt werden, deren Dienste wir auf unseren Seiten hinzugef\u00fcgt haben, oder von uns selbst. Wenn Sie diese Cookies nicht zulassen, k\u00f6nnen einige oder alle dieser Dienste nicht richtig funktionieren.<\/p>\n<table width=\"790\">\n<tbody>\n<tr>\n<td width=\"257\">Untergruppe Kekse<\/td>\n<td width=\"251\">Cookies<\/td>\n<td width=\"282\">Verwendete Cookies<\/td>\n<\/tr>\n<tr>\n<td width=\"257\">NA<\/td>\n<td width=\"251\">NA<\/td>\n<td width=\"282\">NA<\/td>\n<\/tr>\n<\/tbody>\n<\/table>\n<h5><\/h5>\n<h5>Zielgerichtete Cookies<\/h5>\n<p>Diese Cookies k\u00f6nnen \u00fcber unsere Website von unseren Werbepartnern gesetzt werden. Diese Unternehmen k\u00f6nnen sie verwenden, um ein Profil Ihrer Interessen zu erstellen und Ihnen relevante Werbung auf anderen Websites zu zeigen. Sie speichern nicht direkt pers\u00f6nliche Informationen, sondern basieren auf der eindeutigen Identifizierung Ihres Browsers und Internetger\u00e4ts. Wenn Sie diese Cookies nicht zulassen, werden Sie weniger gezielte Werbung sehen.<\/p>\n<table width=\"790\">\n<tbody>\n<tr>\n<td width=\"257\">Untergruppe Kekse<\/td>\n<td width=\"251\">Cookies<\/td>\n<td width=\"282\">Verwendete Cookies<\/td>\n<\/tr>\n<tr>\n<td width=\"257\">Facebook<\/td>\n<td width=\"251\">_fbp, fr<\/td>\n<td width=\"282\">Drittanbieter<\/td>\n<\/tr>\n<tr>\n<td width=\"257\">AdSense, Kampagnenmanager, Google Ad Manager, Google Analytics, Display &amp; Video 360, Search Ads 360<\/td>\n<td width=\"251\">__gsas, __gpi, __gpi_optout, NID, DSID, test_cookie, id, __gads, GED_PLAYLIST_ACTIVITY, ACLK_DATA, pm_sess, pm_sess_NNN, aboutads_sessNNN, FPAU, ANID, AID, IDE, TAID, FPGCLDC, _gcl_dc, _gcl_au, FLC, RUL, FCCDCF, FCNEC, FPGCLAW, FPGCLGB, _gcl_gb, _gac_gb_, _gcl_aw, 1P_JAR, Conversion, YSC, VISITOR_INFO1_LIVE, VISITOR_INFO1_LIVE__k, VISITOR_INFO1_LIVE__default, FPLC, _ga, _gac_, _gid, _gat[_], __utma, __utmb, __utmc, __utmt, __utmz, __utmv, AMP_TOKEN, FPID, GA_OPT_OUT, _ga_, _dc_gtm_, _gaexp, _gaexp_rc, _opt_awcid, _opt_awmid, _opt_awgid, _opt_awkid, _opt_utmc, _gcl_gf, _gcl_ha, PAIDCONTENT, _opt_expid<\/td>\n<td width=\"282\">Drittanbieter<\/td>\n<\/tr>\n<\/tbody>\n<\/table>\n<h5><\/h5>\n<h5>Statistik Cookies<\/h5>\n<p>ImagineHealth verwendet Google Analytics, das uns Aufschluss dar\u00fcber gibt, wie Sie unsere Websites nutzen. Diese Daten umfassen z.B. welche Seiten Sie angesehen haben, welche Links Sie angeklickt haben, wie lange Sie auf einer Seite verbracht haben und welches Ger\u00e4t Sie verwendet haben. Wir verwenden diese Daten, um zu verstehen, wie unsere Website genutzt wird und um sicherzustellen, dass sie korrekt funktioniert. Diese Daten werden nicht f\u00fcr Marketing- oder Werbezwecke verwendet und werden nicht an Dritte weitergegeben.<\/p>\n<table width=\"790\">\n<tbody>\n<tr>\n<td width=\"257\">Untergruppe Kekse<\/td>\n<td width=\"251\">Cookies<\/td>\n<td width=\"282\">Verwendete Cookies<\/td>\n<\/tr>\n<tr>\n<td width=\"257\">Universal Analytics (Google)<\/td>\n<td width=\"251\">_gid, _gat, _ga, AMP_Token<\/td>\n<td width=\"282\">Drittanbieter<\/td>\n<\/tr>\n<\/tbody>\n<\/table>\n<h5><\/h5>\n<h5><strong>Kontaktieren Sie uns <\/strong><\/h5>\n<p>Wenn Sie von den oben genannten Rechten Gebrauch machen m\u00f6chten oder Fragen, Bedenken, Vorschl\u00e4ge oder Beschwerden zu unserer Datenschutzerkl\u00e4rung haben, k\u00f6nnen Sie uns \u00fcber die folgenden Kan\u00e4le kontaktieren:<br \/>\n<strong><br \/>\nImagineHealth Unternehmen Limited&nbsp;<\/strong><br \/>\n2nd Floor, 252 Krung Thonburi Road Soi Sathorn Mansion 1,<br \/>\nKhlong Ton Sai, Bezirk Khlong San, 10600 Bangkok<\/p>\n<p><strong>Datenschutzbeauftragter (DSB)<\/strong><br \/>\nE-Mail:&nbsp;<a href=\"mailto:dpo@imaginehealth.io\">dpo@imaginehealth.io<\/a><\/p>\n<p>Mit besten Gr\u00fc\u00dfen,<br \/>\n<strong>ImagineHealth Unternehmen Limited&nbsp;<\/strong><br \/>\n01. September 2022<\/p>","protected":false},"excerpt":{"rendered":"<p>Cookies Policy ImagineHealth Company Limited (&#8220;Company&#8221;, \u201cImagine\u201d, \u201dwe&#8221;, or &#8220;us&#8221;) have prepared this Cookies Policy for any individual who uses our website as defined below (collectively, the &#8220;users&#8221;, &#8220;individuals&#8221; or &#8220;you&#8221;). Our Cookies Policy explains how we use cookies and other similar technologies for storing information on our website www.imaginehealth.io (&#8220;collectively, the &#8220;Imagine Online Services&#8221; [&hellip;]<\/p>","protected":false},"author":1,"featured_media":0,"parent":0,"menu_order":0,"comment_status":"closed","ping_status":"closed","template":"","meta":{"footnotes":""},"class_list":["post-5781","page","type-page","status-publish","hentry"],"yoast_head":"<!-- This site is optimized with the Yoast SEO plugin v26.3 - https:\/\/yoast.com\/wordpress\/plugins\/seo\/ -->\n<title>Cookies Policy - ImagineHealth<\/title>\n<meta name=\"description\" content=\"Our Cookies Policy explains how we use cookies to enhance your online experience. Learn more about our cookie practices and preferences on our website.\" \/>\n<meta name=\"robots\" content=\"index, follow, max-snippet:-1, max-image-preview:large, max-video-preview:-1\" \/>\n<link rel=\"canonical\" href=\"https:\/\/imaginehealth.io\/de\/cookie-richtlinie\/\" \/>\n<meta property=\"og:locale\" content=\"de_DE\" \/>\n<meta property=\"og:type\" content=\"article\" \/>\n<meta property=\"og:title\" content=\"Cookies Policy - ImagineHealth\" \/>\n<meta property=\"og:description\" content=\"Our Cookies Policy explains how we use cookies to enhance your online experience. Learn more about our cookie practices and preferences on our website.\" \/>\n<meta property=\"og:url\" content=\"https:\/\/imaginehealth.io\/de\/cookie-richtlinie\/\" \/>\n<meta property=\"og:site_name\" content=\"ImagineHealth\" \/>\n<meta property=\"article:publisher\" content=\"https:\/\/www.facebook.com\/ImagineHealthThailand\" \/>\n<meta property=\"article:modified_time\" content=\"2023-04-26T13:16:37+00:00\" \/>\n<meta name=\"twitter:card\" content=\"summary_large_image\" \/>\n<meta name=\"twitter:label1\" content=\"Gesch\u00e4tzte Lesezeit\" \/>\n\t<meta name=\"twitter:data1\" content=\"6\u00a0Minuten\" \/>\n<script type=\"application\/ld+json\" class=\"yoast-schema-graph\">{\"@context\":\"https:\/\/schema.org\",\"@graph\":[{\"@type\":\"WebPage\",\"@id\":\"https:\/\/imaginehealth.io\/cookies-policy\/\",\"url\":\"https:\/\/imaginehealth.io\/cookies-policy\/\",\"name\":\"Cookies Policy - ImagineHealth\",\"isPartOf\":{\"@id\":\"https:\/\/imaginehealth.io\/#website\"},\"datePublished\":\"2022-08-16T10:06:50+00:00\",\"dateModified\":\"2023-04-26T13:16:37+00:00\",\"description\":\"Our Cookies Policy explains how we use cookies to enhance your online experience. Learn more about our cookie practices and preferences on our website.\",\"breadcrumb\":{\"@id\":\"https:\/\/imaginehealth.io\/cookies-policy\/#breadcrumb\"},\"inLanguage\":\"de\",\"potentialAction\":[{\"@type\":\"ReadAction\",\"target\":[\"https:\/\/imaginehealth.io\/cookies-policy\/\"]}]},{\"@type\":\"BreadcrumbList\",\"@id\":\"https:\/\/imaginehealth.io\/cookies-policy\/#breadcrumb\",\"itemListElement\":[{\"@type\":\"ListItem\",\"position\":1,\"name\":\"Home\",\"item\":\"https:\/\/imaginehealth.io\/\"},{\"@type\":\"ListItem\",\"position\":2,\"name\":\"Cookies Policy\"}]},{\"@type\":\"WebSite\",\"@id\":\"https:\/\/imaginehealth.io\/#website\",\"url\":\"https:\/\/imaginehealth.io\/\",\"name\":\"ImagineHealth\",\"description\":\"Expert Medical Facilitator in Longevity and Healthy Aging\",\"publisher\":{\"@id\":\"https:\/\/imaginehealth.io\/#organization\"},\"alternateName\":\"IH\",\"potentialAction\":[{\"@type\":\"SearchAction\",\"target\":{\"@type\":\"EntryPoint\",\"urlTemplate\":\"https:\/\/imaginehealth.io\/?s={search_term_string}\"},\"query-input\":{\"@type\":\"PropertyValueSpecification\",\"valueRequired\":true,\"valueName\":\"search_term_string\"}}],\"inLanguage\":\"de\"},{\"@type\":\"Organization\",\"@id\":\"https:\/\/imaginehealth.io\/#organization\",\"name\":\"ImagineHealth\",\"alternateName\":\"IH\",\"url\":\"https:\/\/imaginehealth.io\/\",\"logo\":{\"@type\":\"ImageObject\",\"inLanguage\":\"de\",\"@id\":\"https:\/\/imaginehealth.io\/#\/schema\/logo\/image\/\",\"url\":\"https:\/\/imaginehealth.io\/wp-content\/uploads\/2023\/04\/Logo-1.png\",\"contentUrl\":\"https:\/\/imaginehealth.io\/wp-content\/uploads\/2023\/04\/Logo-1.png\",\"width\":150,\"height\":150,\"caption\":\"ImagineHealth\"},\"image\":{\"@id\":\"https:\/\/imaginehealth.io\/#\/schema\/logo\/image\/\"},\"sameAs\":[\"https:\/\/www.facebook.com\/ImagineHealthThailand\",\"https:\/\/www.linkedin.com\/company\/imaginehealthco\",\"https:\/\/www.instagram.com\/imagine__health\/\"]}]}<\/script>\n<!-- \/ Yoast SEO plugin. -->","yoast_head_json":{"title":"Cookies-Richtlinie - ImagineHealth","description":"Unsere Cookie-Richtlinie erkl\u00e4rt, wie wir Cookies verwenden, um Ihr Online-Erlebnis zu verbessern. Erfahren Sie mehr \u00fcber unsere Cookie-Praktiken und Einstellungen auf unserer Website.","robots":{"index":"index","follow":"follow","max-snippet":"max-snippet:-1","max-image-preview":"max-image-preview:large","max-video-preview":"max-video-preview:-1"},"canonical":"https:\/\/imaginehealth.io\/de\/cookie-richtlinie\/","og_locale":"de_DE","og_type":"article","og_title":"Cookies Policy - ImagineHealth","og_description":"Our Cookies Policy explains how we use cookies to enhance your online experience. Learn more about our cookie practices and preferences on our website.","og_url":"https:\/\/imaginehealth.io\/de\/cookie-richtlinie\/","og_site_name":"ImagineHealth","article_publisher":"https:\/\/www.facebook.com\/ImagineHealthThailand","article_modified_time":"2023-04-26T13:16:37+00:00","twitter_card":"summary_large_image","twitter_misc":{"Gesch\u00e4tzte Lesezeit":"6\u00a0Minuten"},"schema":{"@context":"https:\/\/schema.org","@graph":[{"@type":"WebPage","@id":"https:\/\/imaginehealth.io\/cookies-policy\/","url":"https:\/\/imaginehealth.io\/cookies-policy\/","name":"Cookies-Richtlinie - ImagineHealth","isPartOf":{"@id":"https:\/\/imaginehealth.io\/#website"},"datePublished":"2022-08-16T10:06:50+00:00","dateModified":"2023-04-26T13:16:37+00:00","description":"Unsere Cookie-Richtlinie erkl\u00e4rt, wie wir Cookies verwenden, um Ihr Online-Erlebnis zu verbessern. Erfahren Sie mehr \u00fcber unsere Cookie-Praktiken und Einstellungen auf unserer Website.","breadcrumb":{"@id":"https:\/\/imaginehealth.io\/cookies-policy\/#breadcrumb"},"inLanguage":"de","potentialAction":[{"@type":"ReadAction","target":["https:\/\/imaginehealth.io\/cookies-policy\/"]}]},{"@type":"BreadcrumbList","@id":"https:\/\/imaginehealth.io\/cookies-policy\/#breadcrumb","itemListElement":[{"@type":"ListItem","position":1,"name":"Home","item":"https:\/\/imaginehealth.io\/"},{"@type":"ListItem","position":2,"name":"Cookies Policy"}]},{"@type":"WebSite","@id":"https:\/\/imaginehealth.io\/#website","url":"https:\/\/imaginehealth.io\/","name":"ImagineHealth","description":"Medizinischer Experte f\u00fcr Langlebigkeit und gesundes Altern","publisher":{"@id":"https:\/\/imaginehealth.io\/#organization"},"alternateName":"IH","potentialAction":[{"@type":"SearchAction","target":{"@type":"EntryPoint","urlTemplate":"https:\/\/imaginehealth.io\/?s={search_term_string}"},"query-input":{"@type":"PropertyValueSpecification","valueRequired":true,"valueName":"search_term_string"}}],"inLanguage":"de"},{"@type":"Organization","@id":"https:\/\/imaginehealth.io\/#organization","name":"ImagineHealth","alternateName":"IH","url":"https:\/\/imaginehealth.io\/","logo":{"@type":"ImageObject","inLanguage":"de","@id":"https:\/\/imaginehealth.io\/#\/schema\/logo\/image\/","url":"https:\/\/imaginehealth.io\/wp-content\/uploads\/2023\/04\/Logo-1.png","contentUrl":"https:\/\/imaginehealth.io\/wp-content\/uploads\/2023\/04\/Logo-1.png","width":150,"height":150,"caption":"ImagineHealth"},"image":{"@id":"https:\/\/imaginehealth.io\/#\/schema\/logo\/image\/"},"sameAs":["https:\/\/www.facebook.com\/ImagineHealthThailand","https:\/\/www.linkedin.com\/company\/imaginehealthco","https:\/\/www.instagram.com\/imagine__health\/"]}]}},"_links":{"self":[{"href":"https:\/\/imaginehealth.io\/de\/wp-json\/wp\/v2\/pages\/5781","targetHints":{"allow":["GET"]}}],"collection":[{"href":"https:\/\/imaginehealth.io\/de\/wp-json\/wp\/v2\/pages"}],"about":[{"href":"https:\/\/imaginehealth.io\/de\/wp-json\/wp\/v2\/types\/page"}],"author":[{"embeddable":true,"href":"https:\/\/imaginehealth.io\/de\/wp-json\/wp\/v2\/users\/1"}],"replies":[{"embeddable":true,"href":"https:\/\/imaginehealth.io\/de\/wp-json\/wp\/v2\/comments?post=5781"}],"version-history":[{"count":1,"href":"https:\/\/imaginehealth.io\/de\/wp-json\/wp\/v2\/pages\/5781\/revisions"}],"predecessor-version":[{"id":7647,"href":"https:\/\/imaginehealth.io\/de\/wp-json\/wp\/v2\/pages\/5781\/revisions\/7647"}],"wp:attachment":[{"href":"https:\/\/imaginehealth.io\/de\/wp-json\/wp\/v2\/media?parent=5781"}],"curies":[{"name":"wp","href":"https:\/\/api.w.org\/{rel}","templated":true}]}}