{"id":5786,"date":"2022-08-16T10:18:57","date_gmt":"2022-08-16T10:18:57","guid":{"rendered":"https:\/\/imaginehealth.io\/?page_id=5786"},"modified":"2023-04-26T13:53:58","modified_gmt":"2023-04-26T13:53:58","slug":"bedingungen-bedingungen","status":"publish","type":"page","link":"https:\/\/imaginehealth.io\/de\/bedingungen-bedingungen\/","title":{"rendered":"Bedingungen &amp; Konditionen"},"content":{"rendered":"<div data-elementor-type=\"wp-page\" data-elementor-id=\"5786\" class=\"elementor elementor-5786\" data-elementor-post-type=\"page\">\n\t\t\t\t\t\t<section class=\"elementor-section elementor-top-section elementor-element elementor-element-49644af elementor-section-boxed elementor-section-height-default elementor-section-height-default\" data-id=\"49644af\" data-element_type=\"section\">\n\t\t\t\t\t\t<div class=\"elementor-container elementor-column-gap-default\">\n\t\t\t\t\t<div class=\"elementor-column elementor-col-100 elementor-top-column elementor-element elementor-element-33887d4\" data-id=\"33887d4\" data-element_type=\"column\">\n\t\t\t<div class=\"elementor-widget-wrap elementor-element-populated\">\n\t\t\t\t\t\t<div class=\"elementor-element elementor-element-4e8d506 elementor-widget elementor-widget-text-editor\" data-id=\"4e8d506\" data-element_type=\"widget\" data-widget_type=\"text-editor.default\">\n\t\t\t\t<div class=\"elementor-widget-container\">\n\t\t\t\t\t\t\t\t\t<h4><strong>Bedingungen und Konditionen <\/strong><\/h4><p>Willkommen bei ImagineHealth Company Limited (im Folgenden als \"Imagine\", \"Unternehmen\", \"wir\", \"uns\" oder \"unser\" bezeichnet). Das Unternehmen ist ein Vermittler zwischen Krankenh\u00e4usern\/Kliniken\/medizinischem Personal und\/oder anderen Dienstleistern (im Folgenden als \"Anbieter\" bezeichnet) und Patienten (im Folgenden als \"Nutzer\", \"Patient\", \"Sie\" oder \"Ihr\" bezeichnet), die medizinische und Wellness-Dienstleistungen (\"Medizinische Dienstleistungen\"), andere damit verbundene Dienstleistungen, die von den Anbietern erbracht werden (\"Andere damit verbundene Dienstleistungen\") oder Akkreditierungen im Gesundheitswesen suchen (Medizinische Dienstleistungen, Akkreditierungen im Gesundheitswesen und andere damit verbundene Dienstleistungen werden zusammen als die \"Dienstleistungen\" bezeichnet). Durch die Nutzung der Dienstleistungen erkl\u00e4ren Sie sich mit diesen Allgemeinen Gesch\u00e4ftsbedingungen einverstanden.<\/p><h4>Hinweis vor der Verwendung<\/h4><p>Wir empfehlen Ihnen, diese Datenschutzrichtlinie zu lesen (<a href=\"https:\/\/imaginehealth.io\/de\/datenschutzbestimmungen\/\">LINK ZUR DATENSCHUTZRICHTLINIE<\/a>), bevor Sie die Online-Dienste des Unternehmens nutzen oder Ihre pers\u00f6nlichen Daten \u00fcbermitteln. Indem Sie dies tun, best\u00e4tigen Sie, dass Sie die Bedingungen dieser Datenschutzrichtlinie verstanden haben und ihnen zustimmen.<\/p><h4>Zwecke der Erhebung pers\u00f6nlicher Daten<\/h4><p>Zu den Zwecken, f\u00fcr die wir Ihre pers\u00f6nlichen Daten verarbeiten k\u00f6nnen, geh\u00f6ren die folgenden:<\/p><ul><li>Bearbeitung von Antr\u00e4gen f\u00fcr Gesundheitsprodukte und -dienstleistungen, Durchf\u00fchrung von Zahlungen, Transaktionen und Ausf\u00fcllen von Anweisungen oder Anfragen.<\/li><li>Bereitstellung von Produkten und Dienstleistungen<\/li><li>Bewertung der Eignung f\u00fcr Produkte und Dienstleistungen im Gesundheitswesen<\/li><li>Operative Zwecke<\/li><li>Statistische Analyse, einschlie\u00dflich Verhaltensanalyse<\/li><li>Durchf\u00fchrung von Marktforschung und Umfragen mit dem Ziel, unsere Produkte und Dienstleistungen zu verbessern<\/li><li>F\u00fcr Marketingzwecke, einschlie\u00dflich Werbeveranstaltungen<\/li><\/ul><h4>Offenlegung von pers\u00f6nlichen Daten<\/h4><p>Jedes Mitglied des Unternehmens, einschlie\u00dflich unserer leitenden Angestellten, Mitarbeiter und des medizinischen Beirats, kann Ihre pers\u00f6nlichen Daten zu den oben genannten Zwecken an eine der folgenden Parteien weitergeben:<\/p><ul><li>Jede Person, die wir als notwendig erachten, um Dienstleistungen in Verbindung mit unseren Gesundheitsprodukten oder -dienstleistungen zu erbringen, die sich in einer beliebigen Gerichtsbarkeit befinden.<\/li><li>Alle Personen, die wir als notwendig erachten, um Anfragen f\u00fcr Dienstleistungen oder Antr\u00e4ge f\u00fcr Produkte bei einem Mitglied des Unternehmens zu erleichtern.<\/li><\/ul><p>Professionelle Berater, Drittdienstleister und Vertreter, die Dienstleistungen zur Unterst\u00fctzung der Gesch\u00e4ftst\u00e4tigkeit des Unternehmens erbringen.<\/p><p>Die pers\u00f6nlichen Daten werden im Rahmen unserer Vereinbarung mit den Dritten angemessen gesch\u00fctzt.<\/p><h4>Sicherheit<\/h4><p>Die Sicherheit Ihrer pers\u00f6nlichen Daten ist f\u00fcr uns wichtig. Das Unternehmen ergreift technische und organisatorische Sicherheitsma\u00dfnahmen, um Ihre personenbezogenen Daten zu sch\u00fctzen. Bei der Inanspruchnahme von externen Dienstleistern verlangen wir, dass diese dieselben Sicherheitsstandards einhalten wie das Unternehmen. Personenbezogene Daten k\u00f6nnen an einen Ort au\u00dferhalb des Landes, in dem Sie wohnen, \u00fcbertragen oder dort gespeichert werden. Unabh\u00e4ngig davon, wohin Ihre personenbezogenen Daten \u00fcbertragen werden, sorgt das Unternehmen daf\u00fcr, dass Ihre personenbezogenen Daten sicher aufbewahrt werden.<\/p><p>Sie sollten sich bewusst sein, dass das Internet keine sichere Kommunikationsplattform ist. Das Senden und Empfangen von Informationen \u00fcber das Internet birgt Risiken, einschlie\u00dflich des Risikos des Zugriffs und der Beeinflussung durch unbefugte Dritte. Die \u00dcbermittlung von Informationen \u00fcber das Internet kann international erfolgen (auch wenn Absender und Empf\u00e4nger im selben Land ans\u00e4ssig sind), und zwar \u00fcber L\u00e4nder mit schw\u00e4cheren Gesetzen zum Schutz der Privatsph\u00e4re und des Datenschutzes als in Ihrem Wohnsitzland. Daher \u00fcbernehmen wir keine Verantwortung oder Haftung f\u00fcr die Vertraulichkeit, Sicherheit oder Integrit\u00e4t Ihrer pers\u00f6nlichen Daten im Zusammenhang mit der \u00dcbermittlung \u00fcber das Internet.<\/p><h4>Cookies<\/h4><p>Wenn Sie auf unserer Website surfen, erkl\u00e4ren Sie sich mit der Verwendung von Cookies, wie in dieser Richtlinie beschrieben, einverstanden. Bitte deaktivieren Sie Cookies auf Ihrem Computer oder nutzen Sie unsere offizielle Website nicht, wenn Sie keine Cookies von uns akzeptieren m\u00f6chten. Wir empfehlen Ihnen, unsere Cookie-Richtlinie zu lesen (<a href=\"https:\/\/imaginehealth.io\/de\/cookie-richtlinie\/\">LINK ZUR COOKIE-RICHTLINIE<\/a>).<\/p><h4>Beibehaltung<\/h4><p>Wir bewahren Ihre pers\u00f6nlichen Daten f\u00fcr rechtliche, regulatorische, gesch\u00e4ftliche und betriebliche Zwecke auf. Das Unternehmen speichert Daten wie die Quelle der Seitenanforderung, Ihre IP-Adresse, den Dom\u00e4nennamen, Datum und Uhrzeit der Anforderung und andere Parameter, die an die URL \u00fcbergeben werden. Die Daten werden verwendet, um die Nutzung der Webseite des Unternehmens besser zu verstehen.<\/p><h4>Marketing<\/h4><p>Das Marketingmaterial des Unternehmens wird Ihnen nicht zugesandt, wenn Sie sich nicht online bei uns angemeldet haben.<\/p><h4>Elektronische Kommunikation<\/h4><p>Wenn Sie einen unserer Dienste nutzen oder E-Mails an uns senden, kommunizieren Sie mit uns auf elektronischem Wege. Sie erkl\u00e4ren sich damit einverstanden, Mitteilungen von uns auf elektronischem Wege zu erhalten. Wir kommunizieren mit Ihnen per E-Mail oder durch Ver\u00f6ffentlichung von Mitteilungen auf dieser Website oder \u00fcber unsere anderen Dienste. Sie erkl\u00e4ren sich damit einverstanden, dass alle Mitteilungen, Vereinbarungen, Offenlegungen und andere Kommunikationen, die wir Ihnen auf elektronischem Wege zukommen lassen, alle gesetzlichen Anforderungen an die Schriftform dieser Kommunikationen erf\u00fcllen.<\/p><h4>\u00dcberwachung<\/h4><p>Wir k\u00f6nnen Ihre elektronische Kommunikation mit uns \u00fcberwachen, um die Einhaltung unserer gesetzlichen und beh\u00f6rdlichen Verpflichtungen sowie unserer internen Richtlinien zu den oben genannten Zwecken sicherzustellen.<\/p><h4>Copyright<\/h4><p>Alle Inhalte, die in den Diensten des Unternehmens enthalten sind oder \u00fcber diese zur Verf\u00fcgung gestellt werden, wie z.B. Texte, Grafiken, Logos, Schaltfl\u00e4chensymbole, Bilder, Audioclips, digitale Downloads und Datenzusammenstellungen, sind Eigentum des Unternehmens oder seiner Inhaltsanbieter und durch thail\u00e4ndische und internationale Urheberrechtsgesetze gesch\u00fctzt. Die Zusammenstellung s\u00e4mtlicher Inhalte, die in den Dienstleistungen des Unternehmens enthalten sind oder \u00fcber diese zur Verf\u00fcgung gestellt werden, ist das ausschlie\u00dfliche Eigentum des Unternehmens und durch internationale Urheberrechtsgesetze gesch\u00fctzt.<\/p><h4>Testimonials<\/h4><p>Alle Beispiele f\u00fcr das, was andere erreicht haben, sollten nicht als typisch oder in irgendeiner Weise als Garantie oder Projektion dessen angesehen werden, was ein Einzelner von unserer Behandlung erwarten kann. Alle Erfahrungsberichte werden nur zu Informationszwecken zur Verf\u00fcgung gestellt.<\/p><p>Ihre individuellen Ergebnisse k\u00f6nnen variieren. Keiner unserer Mitarbeiter oder Vertreter ist in irgendeiner Weise befugt, zu versichern, dass ein bestimmtes Ergebnis einer zuk\u00fcnftigen Behandlung eintreten wird.<\/p><h4>Recht auf Zugang<\/h4><p>Vorbehaltlich der geltenden Gesetze und Vorschriften haben Sie das Recht, eine Kopie Ihrer vom Unternehmen verarbeiteten personenbezogenen Daten anzufordern, wof\u00fcr zus\u00e4tzliche Geb\u00fchren anfallen.<\/p><h4>Geltendes Recht<\/h4><p>Diese Bedingungen unterliegen dem thail\u00e4ndischen Recht und sind entsprechend auszulegen, ungeachtet der Bestimmungen des Kollisionsrechts.<\/p><h4>Sonstiges<\/h4><p>Unser Vers\u00e4umnis, ein Recht oder eine Bestimmung dieser Bedingungen durchzusetzen, gilt nicht als Verzicht auf diese Rechte. Sollte eine Bestimmung dieser Bedingungen von einem Gericht f\u00fcr ung\u00fcltig oder nicht durchsetzbar erkl\u00e4rt werden, bleiben die \u00fcbrigen Bestimmungen dieser Bedingungen in Kraft. Diese Bedingungen stellen die gesamte Vereinbarung zwischen uns in Bezug auf unseren Service dar und ersetzen alle fr\u00fcheren Vereinbarungen zwischen uns in Bezug auf den Service.<\/p><h4>\u00c4nderungen<\/h4><p>Wir behalten uns vor, diese Bedingungen von Zeit zu Zeit zu \u00e4ndern, zu aktualisieren oder zu ersetzen, wobei wir uns bem\u00fchen werden, Sie so fr\u00fch wie m\u00f6glich dar\u00fcber zu informieren, wie es in unserem Ermessen liegt. Wir werden Sie \u00fcber alle \u00c4nderungen informieren, indem wir die neuen Bedingungen unter www.imaginehealth.io ver\u00f6ffentlichen. Wir empfehlen Ihnen, diese Bedingungen regelm\u00e4\u00dfig auf \u00c4nderungen zu \u00fcberpr\u00fcfen.<\/p><p>Indem Sie nach Inkrafttreten dieser \u00c4nderungen weiterhin auf unsere Website zugreifen und unsere Dienste nutzen, erkl\u00e4ren Sie sich mit den \u00fcberarbeiteten Bedingungen einverstanden. Wenn Sie mit den neuen Bedingungen nicht einverstanden sind, stellen Sie bitte die Nutzung unserer Dienste ein.<\/p><h4>Kontakt<\/h4><p>Wenn Sie von den oben genannten Rechten Gebrauch machen m\u00f6chten oder Fragen, Bedenken, Vorschl\u00e4ge oder Beschwerden in Bezug auf unsere Datenschutzerkl\u00e4rung haben, k\u00f6nnen Sie uns \u00fcber die folgenden Kan\u00e4le kontaktieren:<br \/><br \/><\/p><p><strong>ImagineHealth Unternehmen Limited\u00a0<\/strong><\/p><p>2nd Floor, 252 Krung Thonburi Road Soi Sathorn Mansion 1,<\/p><p>Khlong Ton Sai, Bezirk Khlong San, 10600 Bangkok<\/p><p><strong>Datenschutzbeauftragter (DSB)<\/strong><\/p><p>E-Mail:\u00a0<span><a href=\"mailto:dpo@imaginehealth.io\">dpo@imaginehealth.io<\/a><\/span><\/p><p><br \/>Mit besten Gr\u00fc\u00dfen,<\/p><p><strong>ImagineHealth Unternehmen Limited\u00a0<\/strong><\/p><p>01. September 2022<\/p>\t\t\t\t\t\t\t\t<\/div>\n\t\t\t\t<\/div>\n\t\t\t\t\t<\/div>\n\t\t<\/div>\n\t\t\t\t\t<\/div>\n\t\t<\/section>\n\t\t\t\t<\/div>","protected":false},"excerpt":{"rendered":"<p>Terms and Conditions Welcome to ImagineHealth Company Limited (hereinafter referred to as \u201cImagine\u201d, \u201cCompany\u201d, \u201cwe\u201d, \u201cus\u201d, or \u201cour\u201d). Company is an intermediate company between hospitals\/clinics\/medical personnel and\/or other service providers (hereinafter referred to as \u201c Providers\u201d) and patients (hereinafter referred to as \u201cuser\u201d, \u201cpatient\u201d, \u201cyou\u201d or \u201cyour\u201d) who are looking for medical and wellness services [&hellip;]<\/p>","protected":false},"author":1,"featured_media":0,"parent":0,"menu_order":0,"comment_status":"closed","ping_status":"closed","template":"","meta":{"footnotes":""},"class_list":["post-5786","page","type-page","status-publish","hentry"],"yoast_head":"<!-- This site is optimized with the Yoast SEO plugin v26.3 - https:\/\/yoast.com\/wordpress\/plugins\/seo\/ -->\n<title>Terms &amp; Conditions - ImagineHealth<\/title>\n<meta name=\"description\" content=\"Before using ImagineHealth&#039;s services, read our Terms and Conditions to understand our policies and guidelines. Learn more on our website.\" \/>\n<meta name=\"robots\" content=\"index, follow, max-snippet:-1, max-image-preview:large, max-video-preview:-1\" \/>\n<link rel=\"canonical\" href=\"https:\/\/imaginehealth.io\/de\/bedingungen-bedingungen\/\" \/>\n<meta property=\"og:locale\" content=\"de_DE\" \/>\n<meta property=\"og:type\" content=\"article\" \/>\n<meta property=\"og:title\" content=\"Terms &amp; Conditions - ImagineHealth\" \/>\n<meta property=\"og:description\" content=\"Before using ImagineHealth&#039;s services, read our Terms and Conditions to understand our policies and guidelines. Learn more on our website.\" \/>\n<meta property=\"og:url\" content=\"https:\/\/imaginehealth.io\/de\/bedingungen-bedingungen\/\" \/>\n<meta property=\"og:site_name\" content=\"ImagineHealth\" \/>\n<meta property=\"article:publisher\" content=\"https:\/\/www.facebook.com\/ImagineHealthThailand\" \/>\n<meta property=\"article:modified_time\" content=\"2023-04-26T13:53:58+00:00\" \/>\n<meta name=\"twitter:card\" content=\"summary_large_image\" \/>\n<meta name=\"twitter:label1\" content=\"Gesch\u00e4tzte Lesezeit\" \/>\n\t<meta name=\"twitter:data1\" content=\"6\u00a0Minuten\" \/>\n<script type=\"application\/ld+json\" class=\"yoast-schema-graph\">{\"@context\":\"https:\/\/schema.org\",\"@graph\":[{\"@type\":\"WebPage\",\"@id\":\"https:\/\/imaginehealth.io\/terms-conditions\/\",\"url\":\"https:\/\/imaginehealth.io\/terms-conditions\/\",\"name\":\"Terms & Conditions - ImagineHealth\",\"isPartOf\":{\"@id\":\"https:\/\/imaginehealth.io\/#website\"},\"datePublished\":\"2022-08-16T10:18:57+00:00\",\"dateModified\":\"2023-04-26T13:53:58+00:00\",\"description\":\"Before using ImagineHealth's services, read our Terms and Conditions to understand our policies and guidelines. Learn more on our website.\",\"breadcrumb\":{\"@id\":\"https:\/\/imaginehealth.io\/terms-conditions\/#breadcrumb\"},\"inLanguage\":\"de\",\"potentialAction\":[{\"@type\":\"ReadAction\",\"target\":[\"https:\/\/imaginehealth.io\/terms-conditions\/\"]}]},{\"@type\":\"BreadcrumbList\",\"@id\":\"https:\/\/imaginehealth.io\/terms-conditions\/#breadcrumb\",\"itemListElement\":[{\"@type\":\"ListItem\",\"position\":1,\"name\":\"Home\",\"item\":\"https:\/\/imaginehealth.io\/\"},{\"@type\":\"ListItem\",\"position\":2,\"name\":\"Terms &#038; Conditions\"}]},{\"@type\":\"WebSite\",\"@id\":\"https:\/\/imaginehealth.io\/#website\",\"url\":\"https:\/\/imaginehealth.io\/\",\"name\":\"ImagineHealth\",\"description\":\"Expert Medical Facilitator in Longevity and Healthy Aging\",\"publisher\":{\"@id\":\"https:\/\/imaginehealth.io\/#organization\"},\"alternateName\":\"IH\",\"potentialAction\":[{\"@type\":\"SearchAction\",\"target\":{\"@type\":\"EntryPoint\",\"urlTemplate\":\"https:\/\/imaginehealth.io\/?s={search_term_string}\"},\"query-input\":{\"@type\":\"PropertyValueSpecification\",\"valueRequired\":true,\"valueName\":\"search_term_string\"}}],\"inLanguage\":\"de\"},{\"@type\":\"Organization\",\"@id\":\"https:\/\/imaginehealth.io\/#organization\",\"name\":\"ImagineHealth\",\"alternateName\":\"IH\",\"url\":\"https:\/\/imaginehealth.io\/\",\"logo\":{\"@type\":\"ImageObject\",\"inLanguage\":\"de\",\"@id\":\"https:\/\/imaginehealth.io\/#\/schema\/logo\/image\/\",\"url\":\"https:\/\/imaginehealth.io\/wp-content\/uploads\/2023\/04\/Logo-1.png\",\"contentUrl\":\"https:\/\/imaginehealth.io\/wp-content\/uploads\/2023\/04\/Logo-1.png\",\"width\":150,\"height\":150,\"caption\":\"ImagineHealth\"},\"image\":{\"@id\":\"https:\/\/imaginehealth.io\/#\/schema\/logo\/image\/\"},\"sameAs\":[\"https:\/\/www.facebook.com\/ImagineHealthThailand\",\"https:\/\/www.linkedin.com\/company\/imaginehealthco\",\"https:\/\/www.instagram.com\/imagine__health\/\"]}]}<\/script>\n<!-- \/ Yoast SEO plugin. -->","yoast_head_json":{"title":"Bedingungen und Konditionen - ImagineHealth","description":"Bevor Sie die Dienste von ImagineHealth in Anspruch nehmen, sollten Sie unsere Allgemeinen Gesch\u00e4ftsbedingungen lesen, um sich mit unseren Grunds\u00e4tzen und Richtlinien vertraut zu machen. Erfahren Sie mehr auf unserer Website.","robots":{"index":"index","follow":"follow","max-snippet":"max-snippet:-1","max-image-preview":"max-image-preview:large","max-video-preview":"max-video-preview:-1"},"canonical":"https:\/\/imaginehealth.io\/de\/bedingungen-bedingungen\/","og_locale":"de_DE","og_type":"article","og_title":"Terms & Conditions - ImagineHealth","og_description":"Before using ImagineHealth's services, read our Terms and Conditions to understand our policies and guidelines. Learn more on our website.","og_url":"https:\/\/imaginehealth.io\/de\/bedingungen-bedingungen\/","og_site_name":"ImagineHealth","article_publisher":"https:\/\/www.facebook.com\/ImagineHealthThailand","article_modified_time":"2023-04-26T13:53:58+00:00","twitter_card":"summary_large_image","twitter_misc":{"Gesch\u00e4tzte Lesezeit":"6\u00a0Minuten"},"schema":{"@context":"https:\/\/schema.org","@graph":[{"@type":"WebPage","@id":"https:\/\/imaginehealth.io\/terms-conditions\/","url":"https:\/\/imaginehealth.io\/terms-conditions\/","name":"Bedingungen und Konditionen - ImagineHealth","isPartOf":{"@id":"https:\/\/imaginehealth.io\/#website"},"datePublished":"2022-08-16T10:18:57+00:00","dateModified":"2023-04-26T13:53:58+00:00","description":"Bevor Sie die Dienste von ImagineHealth in Anspruch nehmen, sollten Sie unsere Allgemeinen Gesch\u00e4ftsbedingungen lesen, um sich mit unseren Grunds\u00e4tzen und Richtlinien vertraut zu machen. Erfahren Sie mehr auf unserer Website.","breadcrumb":{"@id":"https:\/\/imaginehealth.io\/terms-conditions\/#breadcrumb"},"inLanguage":"de","potentialAction":[{"@type":"ReadAction","target":["https:\/\/imaginehealth.io\/terms-conditions\/"]}]},{"@type":"BreadcrumbList","@id":"https:\/\/imaginehealth.io\/terms-conditions\/#breadcrumb","itemListElement":[{"@type":"ListItem","position":1,"name":"Home","item":"https:\/\/imaginehealth.io\/"},{"@type":"ListItem","position":2,"name":"Terms &#038; Conditions"}]},{"@type":"WebSite","@id":"https:\/\/imaginehealth.io\/#website","url":"https:\/\/imaginehealth.io\/","name":"ImagineHealth","description":"Medizinischer Experte f\u00fcr Langlebigkeit und gesundes Altern","publisher":{"@id":"https:\/\/imaginehealth.io\/#organization"},"alternateName":"IH","potentialAction":[{"@type":"SearchAction","target":{"@type":"EntryPoint","urlTemplate":"https:\/\/imaginehealth.io\/?s={search_term_string}"},"query-input":{"@type":"PropertyValueSpecification","valueRequired":true,"valueName":"search_term_string"}}],"inLanguage":"de"},{"@type":"Organization","@id":"https:\/\/imaginehealth.io\/#organization","name":"ImagineHealth","alternateName":"IH","url":"https:\/\/imaginehealth.io\/","logo":{"@type":"ImageObject","inLanguage":"de","@id":"https:\/\/imaginehealth.io\/#\/schema\/logo\/image\/","url":"https:\/\/imaginehealth.io\/wp-content\/uploads\/2023\/04\/Logo-1.png","contentUrl":"https:\/\/imaginehealth.io\/wp-content\/uploads\/2023\/04\/Logo-1.png","width":150,"height":150,"caption":"ImagineHealth"},"image":{"@id":"https:\/\/imaginehealth.io\/#\/schema\/logo\/image\/"},"sameAs":["https:\/\/www.facebook.com\/ImagineHealthThailand","https:\/\/www.linkedin.com\/company\/imaginehealthco","https:\/\/www.instagram.com\/imagine__health\/"]}]}},"_links":{"self":[{"href":"https:\/\/imaginehealth.io\/de\/wp-json\/wp\/v2\/pages\/5786","targetHints":{"allow":["GET"]}}],"collection":[{"href":"https:\/\/imaginehealth.io\/de\/wp-json\/wp\/v2\/pages"}],"about":[{"href":"https:\/\/imaginehealth.io\/de\/wp-json\/wp\/v2\/types\/page"}],"author":[{"embeddable":true,"href":"https:\/\/imaginehealth.io\/de\/wp-json\/wp\/v2\/users\/1"}],"replies":[{"embeddable":true,"href":"https:\/\/imaginehealth.io\/de\/wp-json\/wp\/v2\/comments?post=5786"}],"version-history":[{"count":1,"href":"https:\/\/imaginehealth.io\/de\/wp-json\/wp\/v2\/pages\/5786\/revisions"}],"predecessor-version":[{"id":7663,"href":"https:\/\/imaginehealth.io\/de\/wp-json\/wp\/v2\/pages\/5786\/revisions\/7663"}],"wp:attachment":[{"href":"https:\/\/imaginehealth.io\/de\/wp-json\/wp\/v2\/media?parent=5786"}],"curies":[{"name":"wp","href":"https:\/\/api.w.org\/{rel}","templated":true}]}}