{"id":7079,"date":"2022-09-22T10:49:29","date_gmt":"2022-09-22T10:49:29","guid":{"rendered":"https:\/\/imaginehealth.io\/?page_id=7079"},"modified":"2022-10-24T03:32:12","modified_gmt":"2022-10-24T03:32:12","slug":"karrieren","status":"publish","type":"page","link":"https:\/\/imaginehealth.io\/de\/karrieren\/","title":{"rendered":"Karriere"},"content":{"rendered":"<div data-elementor-type=\"wp-page\" data-elementor-id=\"7079\" class=\"elementor elementor-7079\" data-elementor-post-type=\"page\">\n\t\t\t\t\t\t<section class=\"elementor-section elementor-top-section elementor-element elementor-element-64e6527 elementor-section-height-min-height elementor-section-boxed elementor-section-height-default elementor-section-items-middle\" data-id=\"64e6527\" data-element_type=\"section\" data-settings=\"{&quot;background_background&quot;:&quot;classic&quot;}\">\n\t\t\t\t\t\t<div class=\"elementor-container elementor-column-gap-default\">\n\t\t\t\t\t<div class=\"elementor-column elementor-col-100 elementor-top-column elementor-element elementor-element-cc7fe35\" data-id=\"cc7fe35\" data-element_type=\"column\">\n\t\t\t<div class=\"elementor-widget-wrap elementor-element-populated\">\n\t\t\t\t\t\t<div class=\"elementor-element elementor-element-8683de5 elementor-widget elementor-widget-heading\" data-id=\"8683de5\" data-element_type=\"widget\" data-widget_type=\"heading.default\">\n\t\t\t\t<div class=\"elementor-widget-container\">\n\t\t\t\t\t<h2 class=\"elementor-heading-title elementor-size-default\">Karriere<\/h2>\t\t\t\t<\/div>\n\t\t\t\t<\/div>\n\t\t\t\t\t<\/div>\n\t\t<\/div>\n\t\t\t\t\t<\/div>\n\t\t<\/section>\n\t\t\t\t<section class=\"elementor-section elementor-top-section elementor-element elementor-element-0ac7d49 elementor-section-boxed elementor-section-height-default elementor-section-height-default\" data-id=\"0ac7d49\" data-element_type=\"section\">\n\t\t\t\t\t\t<div class=\"elementor-container elementor-column-gap-default\">\n\t\t\t\t\t<div class=\"elementor-column elementor-col-100 elementor-top-column elementor-element elementor-element-a2fbaed\" data-id=\"a2fbaed\" data-element_type=\"column\">\n\t\t\t<div class=\"elementor-widget-wrap elementor-element-populated\">\n\t\t\t\t\t\t<div class=\"elementor-element elementor-element-ea8f662 elementor-view-default elementor-widget elementor-widget-wgl-toggle-accordion\" data-id=\"ea8f662\" data-element_type=\"widget\" data-widget_type=\"wgl-toggle-accordion.default\">\n\t\t\t\t<div class=\"elementor-widget-container\">\n\t\t\t\t\t<div class=\"wgl-accordion icon-plus\" id=\"wgl-accordion-ea8f662\" data-type=\"toggle\"><div class=\"wgl-accordion_panel\"><h4 id=\"wgl-accordion_header-2451\" class=\"wgl-accordion_header\" data-default=\"\"><span class=\"wgl-accordion_title\">Manager f\u00fcr soziale Medien<\/span><i class=\"wgl-accordion_icon elementor-icon\"><\/i><\/h4><div class=\"wgl-accordion_content\"><p>Wir glauben an unser Ziel, Menschen dabei zu helfen, ihre beste Gesundheit zu erreichen. Der souver\u00e4ne Mensch wird sich f\u00fcr Wellness, Gesundheit und medizinische Versorgung auf Reisen begeben, wenn er im Ausland ein besseres Angebot vorfindet. Wir wissen, dass es in Thailand innovative, hochwertige Gesundheitsdienste gibt. Unsere Aufgabe ist es, weltweit Vertrauen in den thail\u00e4ndischen Gesundheitsmarkt zu schaffen und neuartige Behandlungen zug\u00e4nglich zu machen.<\/p><p>Wir sind auf der Suche nach hungrigen Menschen, die mit uns wachsen und Teil der Reise zu Thailands f\u00fchrendem Medizintourismus-Unternehmen werden m\u00f6chten. Wir haben vor, Thailand als vertrauensw\u00fcrdiges Ziel f\u00fcr den Medizintourismus zu f\u00f6rdern und Hunderten von Menschen zu helfen, ihre Lebensqualit\u00e4t zu verbessern - wir hoffen, Sie finden das inspirierend.<\/p><p>Facebook. Instagram. LinkedIn. YouTube. TikTok. Als Teil unseres Teams bei ImagineHealth werden Sie ein aufstrebender Social-Stratege sein, der einer Vielzahl von Social Media-Plattformen Leben einhauchen kann. Vielleicht sind Sie nicht vom ersten Tag an ein Social Media-Experte, aber mit der richtigen Einstellung werden Sie es mit der Zeit werden. Ihre internationalen Kollegen werden Sie schulen und Ihnen als Mentor zur Seite stehen. Exzellente Englischkenntnisse sind die Mindestanforderung. Wir sind offen f\u00fcr Hochschulabsolventen und junge Berufst\u00e4tige mit begrenzter Berufserfahrung.<\/p><p><strong>Hauptverantwortlichkeiten<\/strong><\/p><p>Erstellung von Inhaltskalendern, Lokalisierung und Verfassen von Originaltexten f\u00fcr soziale Medien und Ver\u00f6ffentlichung von Inhalten f\u00fcr englische und thail\u00e4ndische Zielgruppen<br \/>Sicherstellen, dass alle Interaktionen mit dem englischen und thail\u00e4ndischen Publikum \u00fcber unsere Kan\u00e4le zeitnah und in einem angemessenen Tonfall erfolgen<br \/>Verwaltung von externen Freelancern f\u00fcr die Produktion von Inhalten und die Verwaltung von Redaktionspl\u00e4nen Identifizierung von Influencern und Prominenten, die \u00fcber unsere Marken und Dienstleistungen in den sozialen Medien sprechen, und Kontaktaufnahme mit ihnen in Echtzeit<br \/>Bauen Sie Beziehungen zu Kunden durch gemeinsame Inhalte, Influencer Marketing und andere Taktiken auf, um die Markenbekanntheit weltweit und im Inland (Thailand) zu steigern und den Website-Traffic zu erh\u00f6hen.<br \/>Organisieren und verwalten Sie Online-Events zur Steigerung der Markenbekanntheit<br \/>Arbeiten Sie mit Performance (PPC)-Spezialisten zusammen, die Marketinggelder in die besten organischen Inhalte von Ihnen \/ von Ihnen kuratierte organische Inhalte aus unserer Community investieren.<\/p><p><strong>Erforderliche Qualifikationen<\/strong><\/p><p>Ausgezeichnete Thai- und Englischkenntnisse<br \/>Ausgezeichnete Schreibf\u00e4higkeiten und eine gute Aufmerksamkeit f\u00fcr Details<br \/>Kenntnisse \u00fcber Online-Marketing und Inbound-Marketing<br \/>Selbststarter, die ihre t\u00e4glichen Arbeitsabl\u00e4ufe mit minimaler Aufsicht bew\u00e4ltigen k\u00f6nnen<\/p><p><strong>Was wir Ihnen bieten<\/strong><\/p><p>Ein wachsendes Start-Up: Wir erwarten, dass wir viel wachsen werden. Nehmen Sie an dieser Reise teil. Ihre F\u00e4higkeiten werden mit dem gleichen Tempo wachsen.<br \/>Eine enorme Auswirkung auf die Gesundheit der Menschen: Gemeinsam werden wir vielen Patienten helfen, ihre Lebensqualit\u00e4t zu verbessern<br \/>Eine integrative, kooperative und anregende Kultur<br \/>Teambuilding-Aktivit\u00e4ten in Bangkok<br \/>Ein entlegenes, freundliches Umfeld, das auf die Vereinbarkeit von Beruf und Privatleben ausgerichtet ist<br \/>B\u00fcrostandort in Khlong San, Bangkok, in Gehweite zur Krung Thonburi BTS Station<\/p><\/div><\/div><div class=\"wgl-accordion_panel\"><h4 id=\"wgl-accordion_header-2452\" class=\"wgl-accordion_header\" data-default=\"\"><span class=\"wgl-accordion_title\">Patienten-Verbindungsperson\/Koordinator<\/span><i class=\"wgl-accordion_icon elementor-icon\"><\/i><\/h4><div class=\"wgl-accordion_content\"><p>ImagineHealth ist der Meinung, dass medizinische Versorgung nichts ohne Vertrauen und Verst\u00e4ndnis ist. Mit Einf\u00fchlungsverm\u00f6gen und Fachwissen helfen wir, Vertrauen zwischen internationalen Patienten und den besten Anbietern Thailands zu schaffen.<\/p><p>Unsere Philosophie ist, dass jeder Patient in jedem Behandlungsszenario als \"Kunde\" des Gesundheitswesens betrachtet werden muss. Bei internationalen medizinischen Reisen nach Thailand ist dies sogar noch wichtiger. Auch wenn es ein wunderbares Land mit erstklassigen medizinischen Einrichtungen, erstklassigen \u00c4rzten und unglaublich f\u00fcrsorglichen Krankenschwestern und Mitarbeitern ist, ist es f\u00fcr die meisten medizinischen Reisenden weit weg von zu Hause und der Markt kann verwirrend sein, wenn jedes Krankenhaus und jede Klinik im Ausland von Online-Anbietern als \"das Beste\" angepriesen wird. Nat\u00fcrlich werden die Patienten einige ernsthafte Fragen und Bedenken haben.<\/p><p>Als ImagineHealth Patient Liaison spielen Sie eine wichtige Rolle bei der Kommunikation zwischen Patienten und thail\u00e4ndischen Gesundheitsdienstleistern. Sie sind ein Vermittler, der Fragen beantwortet und auf Bedenken eingeht, die Patienten vor, w\u00e4hrend und nach der Behandlung in Thailand haben k\u00f6nnten.<\/p><p>Wenn Sie sich f\u00fcr das Gesundheitswesen begeistern, an Thailand als Reiseziel f\u00fcr medizinischen Tourismus glauben und keine Scheu vor Ausl\u00e4ndern haben, dann haben Sie vielleicht das Zeug dazu, in dieser Position erfolgreich zu sein.<\/p><p><strong>Hauptverantwortlichkeiten<\/strong><\/p><p>Kommunizieren Sie zwischen Patienten, unserem Unternehmen und Drittanbietern, damit die Behandlung reibungslos verl\u00e4uft und positive Ergebnisse erzielt werden.<br \/>Sicherstellen, dass alle notwendigen Informationen in einer konformen Weise an die relevanten Parteien weitergegeben wurden. <br \/>Informieren Sie fragende Patienten per Telefon, E-Mail und pers\u00f6nlich. <br \/>Bauen Sie dauerhafte Beziehungen zu Patienten und Behandlungspartnern auf.<\/p><p><strong>Erforderliche Qualifikationen<\/strong><\/p><p>Ausgezeichnete englische Sprachkenntnisse<br \/>Ausgezeichnete Schreibf\u00e4higkeiten und eine gute Aufmerksamkeit f\u00fcr Details<br \/>Hintergrund im Gesundheitswesen<br \/>Selbststarter, die ihre t\u00e4glichen Arbeitsabl\u00e4ufe mit minimaler Aufsicht bew\u00e4ltigen k\u00f6nnen<br \/>Kommunikation und interkulturelle Kompetenz<\/p><p>Wir sind offen f\u00fcr Hochschulabsolventen und junge Berufst\u00e4tige mit begrenzter Berufserfahrung. Die Kandidaten m\u00fcssen jedoch \u00fcber gute Sprachkenntnisse (Thai und Englisch), Mitgef\u00fchl und Lernbereitschaft verf\u00fcgen.<\/p><p><strong>Was wir Ihnen bieten<\/strong><\/p><p>Ein wachsendes Start-Up: Wir erwarten, dass wir viel wachsen werden. Nehmen Sie an dieser Reise teil. Ihre F\u00e4higkeiten werden mit dem gleichen Tempo wachsen. <br \/>Eine enorme Auswirkung auf die Gesundheit der Menschen: Gemeinsam werden wir vielen Patienten helfen, ihre Lebensqualit\u00e4t zu verbessern. <br \/>Eine integrative, kooperative und anregende Kultur. <br \/>Teambuilding-Aktivit\u00e4ten in Bangkok. <br \/>B\u00fcrostandort in Khlong San, Bangkok, in Gehweite zur Krung Thonburi BTS Station<\/p><\/div><\/div><div class=\"wgl-accordion_panel\"><h4 id=\"wgl-accordion_header-2453\" class=\"wgl-accordion_header\" data-default=\"\"><span class=\"wgl-accordion_title\">Verkaufsleiter (Gesundheitswesen)<\/span><i class=\"wgl-accordion_icon elementor-icon\"><\/i><\/h4><div class=\"wgl-accordion_content\"><p>Als unser Sales Executive werden Sie auf thail\u00e4ndische Behandlungsanbieter zugehen und sie \u00fcber die deutschen Akkreditierungen f\u00fcr Behandlungsqualit\u00e4t und Patientensicherheit und deren Vorteile aufkl\u00e4ren.<\/p><p>Sind Sie proaktiv und bereit, im Namen des Unternehmens auf Krankenh\u00e4user, Zahnkliniken, IVF-Zentren, Anti-Aging-Kliniken und Kliniken f\u00fcr kosmetische und plastische Chirurgie zuzugehen?<\/p><p>Um erfolgreich zu sein, m\u00fcssen Sie \u00fcber ausgezeichnete zwischenmenschliche F\u00e4higkeiten und Erfahrung im Verkauf verf\u00fcgen. Ein guter Sales Executive kombiniert Charisma mit Verkaufswissen, um ein \u00fcberzeugendes Verkaufsgespr\u00e4ch zu f\u00fchren. Hervorragende Kandidaten sollten in der Lage sein, mit wenig Aufsicht zu arbeiten und eine \"Can-Do\"-Einstellung zu zeigen.<\/p><p>Unser Unternehmen setzt weltweit deutsche Qualit\u00e4ts- und Sicherheitsakkreditierungen ein, um die Verbesserung und Optimierung von internationalen Behandlungsanbietern zu unterst\u00fctzen. Patienten und Medizinreisende k\u00f6nnen sich anhand des deutschen G\u00fctesiegels vertrauensvoll f\u00fcr ihren Behandlungsort entscheiden.<\/p><p><strong>Verantwortlichkeiten:<\/strong><\/p><p>Recherchieren Sie den Markt und identifizieren Sie potenzielle Kunden. <br \/>Erstellen Sie \u00fcberzeugende Verkaufsargumente. <br \/>Vereinbaren Sie Treffen mit Entscheidungstr\u00e4gern und halten Sie \u00fcberzeugende Pr\u00e4sentationen. <br \/>Verhandeln Sie Vertr\u00e4ge mit dem Ziel der Gewinnmaximierung.<\/p><p><strong>Anforderungen:<\/strong><\/p><p>Pr\u00e4sentationsf\u00e4higkeiten.<br \/>Kundenbeziehungen.<br \/>Hervorragende Leistungen betonen.<br \/>Hohes Energieniveau.<br \/>Verhandlung.<br \/>Prospecting-F\u00e4higkeiten.<br \/>Erreichen von Verkaufszielen.<br \/>Sie sind in der Lage, unabh\u00e4ngig und mit wenig Aufsicht zu arbeiten.<br \/>Ausgezeichnete m\u00fcndliche und schriftliche Kommunikationsf\u00e4higkeiten.<br \/>Ausgezeichnete Englischkenntnisse.<br \/>Thail\u00e4ndische Staatsb\u00fcrgerschaft.<\/p><p><strong>Unser Angebot:<\/strong><\/p><p>Start-Up Kultur: Wir erwarten, dass wir viel wachsen. Nehmen Sie an dieser Reise teil. Ihre F\u00e4higkeiten werden mit dem gleichen Tempo wachsen. <br \/>Eine bedeutende Auswirkung auf die Gesundheit der Menschen: Gemeinsam werden wir vielen Patienten helfen, ihre Lebensqualit\u00e4t zu verbessern. <br \/>Eine integrative, kooperative und anregende Kultur. <br \/>Teambuilding-Aktivit\u00e4ten in Bangkok. <br \/>Sehr attraktive Boni. <br \/>B\u00fcrostandort in Khlong San, Bangkok, in Gehweite zur Krung Thonburi BTS Station<\/p><p>Bitte reichen Sie Ihre Bewerbung ein, wenn Sie an Thailand als Reiseziel f\u00fcr das Gesundheitswesen und den Medizintourismus glauben und der Meinung sind, dass die Akkreditierung des deutschen Gesundheitswesens zur Vertrauensbildung auf dem nationalen und internationalen Markt beitragen wird.<\/p><\/div><\/div><\/div>\t\t\t\t<\/div>\n\t\t\t\t<\/div>\n\t\t\t\t\t<\/div>\n\t\t<\/div>\n\t\t\t\t\t<\/div>\n\t\t<\/section>\n\t\t\t\t<\/div>","protected":false},"excerpt":{"rendered":"<p>Karriere Social Media Manager Wir glauben an unser Ziel, Menschen dabei zu helfen, ihre beste Gesundheit zu erreichen. Der souver\u00e4ne Mensch wird sich f\u00fcr Wellness, Gesundheit und medizinische Versorgung auf Reisen begeben, wenn er im Ausland ein besseres Angebot vorfindet. Wir wissen, dass es in Thailand innovative, hochwertige Gesundheitsdienste gibt. Es ist unsere Aufgabe, Vertrauen zu schaffen [...]<\/p>","protected":false},"author":1,"featured_media":0,"parent":0,"menu_order":0,"comment_status":"closed","ping_status":"closed","template":"","meta":{"footnotes":""},"class_list":["post-7079","page","type-page","status-publish","hentry"],"yoast_head":"<!-- This site is optimized with the Yoast SEO plugin v26.3 - https:\/\/yoast.com\/wordpress\/plugins\/seo\/ -->\n<title>Careers - ImagineHealth<\/title>\n<meta name=\"description\" content=\"We Do Medical Travel Right. Become part of this vision as an employee, freelancer or consultant.\" \/>\n<meta name=\"robots\" content=\"index, follow, max-snippet:-1, max-image-preview:large, max-video-preview:-1\" \/>\n<link rel=\"canonical\" href=\"https:\/\/imaginehealth.io\/de\/karrieren\/\" \/>\n<meta property=\"og:locale\" content=\"de_DE\" \/>\n<meta property=\"og:type\" content=\"article\" \/>\n<meta property=\"og:title\" content=\"Careers - ImagineHealth\" \/>\n<meta property=\"og:description\" content=\"We Do Medical Travel Right. Become part of this vision as an employee, freelancer or consultant.\" \/>\n<meta property=\"og:url\" content=\"https:\/\/imaginehealth.io\/de\/karrieren\/\" \/>\n<meta property=\"og:site_name\" content=\"ImagineHealth\" \/>\n<meta property=\"article:publisher\" content=\"https:\/\/www.facebook.com\/ImagineHealthThailand\" \/>\n<meta property=\"article:modified_time\" content=\"2022-10-24T03:32:12+00:00\" \/>\n<meta name=\"twitter:card\" content=\"summary_large_image\" \/>\n<meta name=\"twitter:label1\" content=\"Gesch\u00e4tzte Lesezeit\" \/>\n\t<meta name=\"twitter:data1\" content=\"5\u00a0Minuten\" \/>\n<script type=\"application\/ld+json\" class=\"yoast-schema-graph\">{\"@context\":\"https:\/\/schema.org\",\"@graph\":[{\"@type\":\"WebPage\",\"@id\":\"https:\/\/imaginehealth.io\/careers\/\",\"url\":\"https:\/\/imaginehealth.io\/careers\/\",\"name\":\"Careers - ImagineHealth\",\"isPartOf\":{\"@id\":\"https:\/\/imaginehealth.io\/#website\"},\"datePublished\":\"2022-09-22T10:49:29+00:00\",\"dateModified\":\"2022-10-24T03:32:12+00:00\",\"description\":\"We Do Medical Travel Right. Become part of this vision as an employee, freelancer or consultant.\",\"breadcrumb\":{\"@id\":\"https:\/\/imaginehealth.io\/careers\/#breadcrumb\"},\"inLanguage\":\"de\",\"potentialAction\":[{\"@type\":\"ReadAction\",\"target\":[\"https:\/\/imaginehealth.io\/careers\/\"]}]},{\"@type\":\"BreadcrumbList\",\"@id\":\"https:\/\/imaginehealth.io\/careers\/#breadcrumb\",\"itemListElement\":[{\"@type\":\"ListItem\",\"position\":1,\"name\":\"Home\",\"item\":\"https:\/\/imaginehealth.io\/\"},{\"@type\":\"ListItem\",\"position\":2,\"name\":\"Careers\"}]},{\"@type\":\"WebSite\",\"@id\":\"https:\/\/imaginehealth.io\/#website\",\"url\":\"https:\/\/imaginehealth.io\/\",\"name\":\"ImagineHealth\",\"description\":\"Expert Medical Facilitator in Longevity and Healthy Aging\",\"publisher\":{\"@id\":\"https:\/\/imaginehealth.io\/#organization\"},\"alternateName\":\"IH\",\"potentialAction\":[{\"@type\":\"SearchAction\",\"target\":{\"@type\":\"EntryPoint\",\"urlTemplate\":\"https:\/\/imaginehealth.io\/?s={search_term_string}\"},\"query-input\":{\"@type\":\"PropertyValueSpecification\",\"valueRequired\":true,\"valueName\":\"search_term_string\"}}],\"inLanguage\":\"de\"},{\"@type\":\"Organization\",\"@id\":\"https:\/\/imaginehealth.io\/#organization\",\"name\":\"ImagineHealth\",\"alternateName\":\"IH\",\"url\":\"https:\/\/imaginehealth.io\/\",\"logo\":{\"@type\":\"ImageObject\",\"inLanguage\":\"de\",\"@id\":\"https:\/\/imaginehealth.io\/#\/schema\/logo\/image\/\",\"url\":\"https:\/\/imaginehealth.io\/wp-content\/uploads\/2023\/04\/Logo-1.png\",\"contentUrl\":\"https:\/\/imaginehealth.io\/wp-content\/uploads\/2023\/04\/Logo-1.png\",\"width\":150,\"height\":150,\"caption\":\"ImagineHealth\"},\"image\":{\"@id\":\"https:\/\/imaginehealth.io\/#\/schema\/logo\/image\/\"},\"sameAs\":[\"https:\/\/www.facebook.com\/ImagineHealthThailand\",\"https:\/\/www.linkedin.com\/company\/imaginehealthco\",\"https:\/\/www.instagram.com\/imagine__health\/\"]}]}<\/script>\n<!-- \/ Yoast SEO plugin. -->","yoast_head_json":{"title":"Karriere - ImagineHealth","description":"Wir machen medizinische Reisen richtig. Werden Sie Teil dieser Vision als Angestellter, Freiberufler oder Berater.","robots":{"index":"index","follow":"follow","max-snippet":"max-snippet:-1","max-image-preview":"max-image-preview:large","max-video-preview":"max-video-preview:-1"},"canonical":"https:\/\/imaginehealth.io\/de\/karrieren\/","og_locale":"de_DE","og_type":"article","og_title":"Careers - ImagineHealth","og_description":"We Do Medical Travel Right. Become part of this vision as an employee, freelancer or consultant.","og_url":"https:\/\/imaginehealth.io\/de\/karrieren\/","og_site_name":"ImagineHealth","article_publisher":"https:\/\/www.facebook.com\/ImagineHealthThailand","article_modified_time":"2022-10-24T03:32:12+00:00","twitter_card":"summary_large_image","twitter_misc":{"Gesch\u00e4tzte Lesezeit":"5\u00a0Minuten"},"schema":{"@context":"https:\/\/schema.org","@graph":[{"@type":"WebPage","@id":"https:\/\/imaginehealth.io\/careers\/","url":"https:\/\/imaginehealth.io\/careers\/","name":"Karriere - ImagineHealth","isPartOf":{"@id":"https:\/\/imaginehealth.io\/#website"},"datePublished":"2022-09-22T10:49:29+00:00","dateModified":"2022-10-24T03:32:12+00:00","description":"Wir machen medizinische Reisen richtig. Werden Sie Teil dieser Vision als Angestellter, Freiberufler oder Berater.","breadcrumb":{"@id":"https:\/\/imaginehealth.io\/careers\/#breadcrumb"},"inLanguage":"de","potentialAction":[{"@type":"ReadAction","target":["https:\/\/imaginehealth.io\/careers\/"]}]},{"@type":"BreadcrumbList","@id":"https:\/\/imaginehealth.io\/careers\/#breadcrumb","itemListElement":[{"@type":"ListItem","position":1,"name":"Home","item":"https:\/\/imaginehealth.io\/"},{"@type":"ListItem","position":2,"name":"Careers"}]},{"@type":"WebSite","@id":"https:\/\/imaginehealth.io\/#website","url":"https:\/\/imaginehealth.io\/","name":"ImagineHealth","description":"Medizinischer Experte f\u00fcr Langlebigkeit und gesundes Altern","publisher":{"@id":"https:\/\/imaginehealth.io\/#organization"},"alternateName":"IH","potentialAction":[{"@type":"SearchAction","target":{"@type":"EntryPoint","urlTemplate":"https:\/\/imaginehealth.io\/?s={search_term_string}"},"query-input":{"@type":"PropertyValueSpecification","valueRequired":true,"valueName":"search_term_string"}}],"inLanguage":"de"},{"@type":"Organization","@id":"https:\/\/imaginehealth.io\/#organization","name":"ImagineHealth","alternateName":"IH","url":"https:\/\/imaginehealth.io\/","logo":{"@type":"ImageObject","inLanguage":"de","@id":"https:\/\/imaginehealth.io\/#\/schema\/logo\/image\/","url":"https:\/\/imaginehealth.io\/wp-content\/uploads\/2023\/04\/Logo-1.png","contentUrl":"https:\/\/imaginehealth.io\/wp-content\/uploads\/2023\/04\/Logo-1.png","width":150,"height":150,"caption":"ImagineHealth"},"image":{"@id":"https:\/\/imaginehealth.io\/#\/schema\/logo\/image\/"},"sameAs":["https:\/\/www.facebook.com\/ImagineHealthThailand","https:\/\/www.linkedin.com\/company\/imaginehealthco","https:\/\/www.instagram.com\/imagine__health\/"]}]}},"_links":{"self":[{"href":"https:\/\/imaginehealth.io\/de\/wp-json\/wp\/v2\/pages\/7079","targetHints":{"allow":["GET"]}}],"collection":[{"href":"https:\/\/imaginehealth.io\/de\/wp-json\/wp\/v2\/pages"}],"about":[{"href":"https:\/\/imaginehealth.io\/de\/wp-json\/wp\/v2\/types\/page"}],"author":[{"embeddable":true,"href":"https:\/\/imaginehealth.io\/de\/wp-json\/wp\/v2\/users\/1"}],"replies":[{"embeddable":true,"href":"https:\/\/imaginehealth.io\/de\/wp-json\/wp\/v2\/comments?post=7079"}],"version-history":[{"count":0,"href":"https:\/\/imaginehealth.io\/de\/wp-json\/wp\/v2\/pages\/7079\/revisions"}],"wp:attachment":[{"href":"https:\/\/imaginehealth.io\/de\/wp-json\/wp\/v2\/media?parent=7079"}],"curies":[{"name":"wp","href":"https:\/\/api.w.org\/{rel}","templated":true}]}}